{"id":120,"date":"2018-08-28T13:23:39","date_gmt":"2018-08-28T11:23:39","guid":{"rendered":"https:\/\/medienwerkstatt-il.de\/CM\/?page_id=120"},"modified":"2018-08-28T13:23:39","modified_gmt":"2018-08-28T11:23:39","slug":"datenschutz","status":"publish","type":"page","link":"https:\/\/medienwerkstatt-il.de\/CM\/datenschutz\/","title":{"rendered":"Datenschutz"},"content":{"rendered":"<p>Die Medienwerkstatt Isenhagener Land legt gro\u00dfen Wert auf den Schutz personenbezogener Daten und verpflichtet sich zur Einhaltung der gesetzlichen Bestimmungen des Bundesdatenschutzgesetzes (BDSG) sowie des Telemediengesetzes (TMG).<\/p>\n<p>Aufgrund der stetigen Weiterentwicklung unserer Webseiten und der Integration neuer technischer Programmierungen k\u00f6nnen auch \u00c4nderungen an der Datenschutzerkl\u00e4rung erfolgen &#8211; es empfiehlt sich daher die Datenschutzerkl\u00e4rung von Zeit zu Zeit erneut durchzulesen.<\/p>\n<p><strong>Datenumgang<\/strong><br \/>\nDie Medienwerkstatt Isenhagener Land sowie deren Partner sind zur Wahrung des Datenschutzes und zur Verschwiegenheit unter Beachtung des Datengeheimnisses verpflichtet.<\/p>\n<p><strong>Datenweitergabe<\/strong><br \/>\nDie Daten werden ausschlie\u00dflich bei der Medienwerkstatt Isenhagener Land verwendet und nicht an Dritte weitergegeben. In keinem Fall werden die erhobenen Daten an Dritte verkauft oder weiter gegeben. Die Medienwerkstatt Isenhagener Land arbeitet mit externen, vertraglich gebundenen Dienstleistern und Unternehmen zusammen. Diese d\u00fcrfen personenbezogene Daten nur f\u00fcr die erlaubten Zwecke nutzen.<\/p>\n<p><strong>Log-Files<\/strong><br \/>\nBei Aufrufen der Webseite der Medienwerkstatt Isenhagener Land werden automatisch technische Informationen, welche Ihr Browser \u00fcbermittelt, in den Server-Logfiles gespeichert. Zu diesen Informationen z\u00e4hlen:<\/p>\n<ul>\n<li>der Browsertyp und die Browserversion<\/li>\n<li>das verwendete Betriebssystem\/Ger\u00e4tetyp<\/li>\n<li>die Referrer-URL &#8211; die zuvor besuchte Seite<\/li>\n<li>der Hostname bzw. die IP-Adresse des zugreifenden Rechners<\/li>\n<li>die Uhrzeit der Serveranfrage<\/li>\n<\/ul>\n<p>Diese technischen Informationen werden dazu ben\u00f6tigt, die angeforderten Inhalte an den zuzugreifenden Rechner korrekt zu \u00fcbermitteln und fallen bei dem Besuch der Webseite zwingend an. Insbesondere die IP-Adresse anonymisiert gespeichert (aus. z. B. 12.34.56.78 wird 0.0.0.0). Die weiteren anonymen Informationen werden benutzt, um z. B. eine Besucherstatistik als Erfolgskontrolle zu erstellen sowie die Webseitenprogrammierung anzupassen und zu optimieren. Das Logfile wird nach Ablauf von 7 Tagen automatisch gel\u00f6scht. Die Daten sind dabei nicht personenbezogen zuordbar und werden nicht mit anderen Datenquellen abgeglichen.<\/p>\n<p><strong>Kontaktformulare \/ Kontaktanfragen<br \/>\n<\/strong>Bei Kontaktaufnahme \u00fcber das bereitgestellte Formular oder den E-Maillink werden Ihre Angaben zur Bearbeitung Ihres Anliegens und f\u00fcr die Dauer der Auftragsbearbeitung gespeichert.<\/p>\n<p>Zu den Daten z\u00e4hlen:<\/p>\n<ul>\n<li>Ihr Name<\/li>\n<li>Ihre E-Mailadresse<\/li>\n<li>Ihre Telefonnummer<\/li>\n<li>Ihr Betreff bzw. Auswahl der Art der Anfrage<\/li>\n<li>Ihr Nachrichtentext<\/li>\n<\/ul>\n<p>F\u00fcr den Versand einer Nachricht \u00fcber das Kontaktformular ist eine Zustimmung \u00fcber die Ver-arbeitung der eingegebenen Daten n\u00f6tig &#8211; Diese Einwilligung kann jederzeit wiederrufen werden. Alternativ ist jederzeit eine Kontaktaufnahme \u00fcber die bereitgestellte E-Mailadresse m\u00f6glich.<\/p>\n<p>Sobald der Zweck der Datenspeicherung entf\u00e4llt z. B. nach beendeter Bearbeitung der Anfrage werden die Daten gel\u00f6scht. Gesetzliche Bestimmungen z. B. Aufbewahrungsfristen bleiben von dieser Regelung unber\u00fchrt. Sie haben jederzeit das Recht auf Auskunft, Widerruf, Korrektur und L\u00f6schung der der personenbezogenen Daten &gt; siehe Punkt &#8222;Ihre Rechte&#8220;.<\/p>\n<p><strong>Verschl\u00fcsselte und sichere \u00dcbertragung von Daten<br \/>\n<\/strong>Webseitenaufrufe und Eingaben, welche in die Webseitenformulare (z. B. Kontaktformular) eingegeben werden, werden verschl\u00fcsselt zum verarbeitenden Server \u00fcbermittelt.<br \/>\nBei der Verschl\u00fcsselung wird ein SSL-Zertifikat mit 128Bit-Versch\u00fcsselung eingesetzt (zu er-kennen an dem gr\u00fcnen Schloss-Symbol in der Browserleiste) und der Ausgabe in der Adress-zeile (http<strong>s<\/strong>:\/\/ statt http:\/\/).<\/p>\n<p><strong>Cookies<\/strong><br \/>\nDie Internetseiten der Medienwerkstatt Isenhagener Land verwenden technische Cookies. Cookies sind kurze Textdateien welche auf Ihrem Rechner lokal abgespeichert werden und von Ihrem Browser verarbeitet werden. Die Cookies werden eingesetzt, um den reibungslosen Betrieb dieser Webseite zu garantieren (z. B. Anmeldung des Administrators). Au\u00dferhalb unserer Webseiten haben die Cookies keine Bedeutung bzw. werden nicht weiter verarbeitet. Cookies enthalten keine Viren oder Schadcode und richten auf Ihrem Rechner keinen Schaden an.<br \/>\nDurch Browsereinstellungen haben Sie die M\u00f6glichkeit, die Annahme von Cookies ganz oder teilweise zu unterbinden bzw. abzulehnen &#8211; eventuell k\u00f6nnen dann nicht alle Funktionen die-ser Webseite genutzt werden.<\/p>\n<p><strong>Google Analytics<br \/>\n<\/strong>Aus Datenschutzgr\u00fcnden wird auf diesen Webseiten auf den Einsatz von Google-Analytics verzichtet.<\/p>\n<p><strong>Nutzung von Vimeo-Plugins<\/strong><br \/>\nWir nutzen f\u00fcr die Einbindung von Videos u.a. den Anbieter Vimeo. Vimeo wird betrieben von Vimeo, LLC mit Hauptsitz in 555 West 18th Street, New York, New York 10011.<\/p>\n<p>Auf einigen unserer Internetseiten verwenden wir Plugins des Anbieters Vimeo. Wenn Sie die mit einem solchen Plugin versehenen Internetseiten unserer Internetpr\u00e4senz aufrufen \u2013 beispielsweise unsere Mediathek \u2013, wird eine Verbindung zu den Vimeo-Servern hergestellt und dabei das Plugin dargestellt. Hierdurch wird an den Vimeo-Server \u00fcbermittelt, welche unserer Internetseiten Sie besucht haben. Sind Sie dabei als Mitglied bei Vimeo eingeloggt, ordnet Vimeo diese Information Ihrem pers\u00f6nlichen Benutzerkonto zu. Bei Nutzung des Plugins wie z.B. Anklicken des Start-Buttons eines Videos wird diese Information ebenfalls Ihrem Benutzerkonto zugeordnet. Sie k\u00f6nnen diese Zuordnung verhindern, indem Sie sich vor der Nutzung unserer Internetseite aus ihrem Vimeo-Benutzerkonto abmelden und die entsprechenden Cookies von Vimeo l\u00f6schen.<\/p>\n<p>Weitere Informationen zur Datenverarbeitung und Hinweise zum Datenschutz durch Vimeo finden Sie unter <a href=\"https:\/\/vimeo.com\/privacy\" target=\"_blank\" rel=\"noopener\">https:\/\/vimeo.com\/privacy<\/a>.<\/p>\n<p><strong>Einhaltung der Datenschutzerkl\u00e4rung<br \/>\n<\/strong>Ihre Rechte: Auskunftsrecht \/ Widerrufsrecht \/ Recht auf Einschr\u00e4nkung der Verarbeitung<\/p>\n<p>Die Medienwerkstatt Isenhagener Land nimmt die Sicherheit und den Schutz Ihrer pers\u00f6nlichen Daten sehr erst und verpflichtet sich, die oben genannten Punkte in Bezug auf den Datenschutz einzuhalten.<\/p>\n<p>Das abgegebene Einverst\u00e4ndnis zur Verarbeitung Ihrer Daten kann jederzeit von Ihnen widerrufen werden. Weiterhin k\u00f6nnen Sie eine Einschr\u00e4nkung Ihrer Daten verlangen. Nach Aufforderung teilen wir Ihnen mit, ob und welche pers\u00f6nlichen Daten von Ihnen durch uns gespeichert sind.<\/p>\n<p>Sie erreichen uns dazu \u00fcber folgende Kontaktdaten:<\/p>\n<p><strong>Medienwerkstatt Isenhagener Land e.V.<br \/>\nAnsprechpartner Herr Ulrich Willier<br \/>\nSchulstra\u00dfe 6<br \/>\n29386 Hankensb\u00fcttel <\/strong><\/p>\n<p>Tel: 0 5832 &#8211; 97 92 89<br \/>\nE-Mail: <span id=\"cloak41836\"><span id=\"cloak36359\"><a href=\"mailto:kontakt@medienwerkstatt-il.de\">kontakt@medienwerkstatt-il.de<\/a><\/span><\/span><\/p>\n<p>Au\u00dferdem haben Sie das Recht, bei der zust\u00e4ndigen Aufsichtsbeh\u00f6rde eine Beschwerde ein-zureichen. Weitere Informationen und Kontaktm\u00f6glichkeiten finden Sie auf den Webseiten der Landesbeauftragten f\u00fcr den Datenschutz in Niedersachsen [ <a href=\"https:\/\/www.lfd.niedersachsen.de\" target=\"_blank\" rel=\"noopener\">https:\/\/www.lfd.niedersachsen.de<\/a> ]<\/p>\n","protected":false},"excerpt":{"rendered":"<p>Die Medienwerkstatt Isenhagener Land legt gro\u00dfen Wert auf den Schutz personenbezogener Daten und verpflichtet sich zur Einhaltung der gesetzlichen Bestimmungen des Bundesdatenschutzgesetzes (BDSG) sowie des Telemediengesetzes (TMG). Aufgrund der stetigen Weiterentwicklung unserer Webseiten und der Integration neuer technischer Programmierungen k\u00f6nnen auch \u00c4nderungen an der Datenschutzerkl\u00e4rung erfolgen &#8211; es empfiehlt sich daher die Datenschutzerkl\u00e4rung von Zeit [&hellip;]<\/p>\n","protected":false},"author":1,"featured_media":0,"parent":0,"menu_order":0,"comment_status":"closed","ping_status":"closed","template":"","meta":[],"_links":{"self":[{"href":"https:\/\/medienwerkstatt-il.de\/CM\/wp-json\/wp\/v2\/pages\/120"}],"collection":[{"href":"https:\/\/medienwerkstatt-il.de\/CM\/wp-json\/wp\/v2\/pages"}],"about":[{"href":"https:\/\/medienwerkstatt-il.de\/CM\/wp-json\/wp\/v2\/types\/page"}],"author":[{"embeddable":true,"href":"https:\/\/medienwerkstatt-il.de\/CM\/wp-json\/wp\/v2\/users\/1"}],"replies":[{"embeddable":true,"href":"https:\/\/medienwerkstatt-il.de\/CM\/wp-json\/wp\/v2\/comments?post=120"}],"version-history":[{"count":1,"href":"https:\/\/medienwerkstatt-il.de\/CM\/wp-json\/wp\/v2\/pages\/120\/revisions"}],"predecessor-version":[{"id":121,"href":"https:\/\/medienwerkstatt-il.de\/CM\/wp-json\/wp\/v2\/pages\/120\/revisions\/121"}],"wp:attachment":[{"href":"https:\/\/medienwerkstatt-il.de\/CM\/wp-json\/wp\/v2\/media?parent=120"}],"curies":[{"name":"wp","href":"https:\/\/api.w.org\/{rel}","templated":true}]}}