{"id":187,"date":"2018-08-29T09:37:46","date_gmt":"2018-08-29T07:37:46","guid":{"rendered":"https:\/\/medienwerkstatt-il.de\/CM\/?page_id=187"},"modified":"2018-08-29T09:40:05","modified_gmt":"2018-08-29T07:40:05","slug":"foerderung","status":"publish","type":"page","link":"https:\/\/medienwerkstatt-il.de\/CM\/foerderung\/","title":{"rendered":"F\u00f6rderung"},"content":{"rendered":"<h2>Wer finanziert die Medienwerkstatt Isenhagener Land e.V.?<\/h2>\n<p>Die Medienwerkstatt Isenhagener Land e.V. erh\u00e4lt keine \u00f6ffentliche institutionelle F\u00f6rderung und finanziert sich allein aus Mitgliedsbeitr\u00e4gen, Spenden und Projektf\u00f6rderungen sowie Einnahmen aus der Produktion von Imagefilmen.<\/p>\n<p>Die Finanzierung der Arbeit basiert auf zwei S\u00e4ulen: Zum einen die Projektf\u00f6rderung, die an bestimmte Projektinhalte gebunden ist, zum anderen an Spenden, die als Basisfinanzierung f\u00fcr die laufende Arbeit dienen.<\/p>\n<p>&nbsp;<\/p>\n<h2>Was leistet die Medienwerkstatt und warum ist es wichtig?<\/h2>\n<p>Die Medienwerkstatt Isenhagener Land e.V. ist in erster Linie ein gemeinn\u00fctziger Verein und m\u00f6chte mit ihrem Angebot:<\/p>\n<ul>\n<li>Jugendlichen aber auch interessierten Erwachsenen, die M\u00f6glichkeit geben, sich einen Einblick in die Arbeit der Medien zu verschaffen (Medienkompetenzvermittlung),<\/li>\n<li>Geschichte in der Region audiovisuell dokumentieren und der \u00d6ffentlichkeit zug\u00e4nglich machen (Historische Dokumentationen und Zeitzeugengespr\u00e4che)<\/li>\n<li>Regionale Entwicklungen begleiten und dokumentieren (Handwerksdokumentationen)<\/li>\n<li>Imagewerbung f\u00fcr die Region und deren Kommunen (Dorfportrait)<\/li>\n<\/ul>\n<p>Die Aspekte f\u00fcr eine nachhaltige Wirkung der Arbeit der Medienwerkstatt sind vielf\u00e4ltig. So k\u00f6nnen durch die Projekte alte zeitgeschichtliche Dokumente f\u00fcr sp\u00e4tere Generationen erhalten und die Identifikation mit der Region gefestigt werden. Ferner bietet sich die Chance f\u00fcr Jugendliche sich das technische Know-How zu verschaffen, um sp\u00e4ter in der Medienbranche Fu\u00df fassen zu k\u00f6nnen, wie dies bereits mehreren Mitgliedern gelungen ist.<\/p>\n<p>&nbsp;<\/p>\n<h2>Welche \u00f6ffentliche Wirkung hat die Arbeit der Medienwerkstatt?<\/h2>\n<p>Projekte der Medienwerkstatt erreichen regelm\u00e4\u00dfig eine mediale Pr\u00e4senz in den regionalen Tageszeitungen. Ferner erreichen wir mit unseren Filmvorf\u00fchrungen ein breites Publikum in der Region. Auch Schulen k\u00f6nnen auf unser Angebot zur\u00fcck greifen und Filme f\u00fcr die Unterrichtsgestaltung nutzen.<\/p>\n<p>So wurde beispielsweise die Zeitzeugendokumentation &#8222;Da konnte man wirklich nichts machen! Wirklich nicht? Die Rettung des Juden Julius Katz in Gro\u00df Oesingen&#8220; im Jahr 2011 regional und \u00fcberregional wahrgenommen. Neben einzelnen Anfragen von unterschiedlichen Medien hat auch die Universit\u00e4t G\u00f6ttingen ihr Interesse an dem Thema gezeigt.<\/p>\n<p>&nbsp;<\/p>\n<h2>Wie k\u00f6nnen Sie uns helfen?<\/h2>\n<p><strong>Sie k\u00f6nnen die Arbeit in der Medienwerkstatt Isenhagener Land e.V. auf vielf\u00e4ltiger Weise unterst\u00fctzen:<\/strong><\/p>\n<p>&nbsp;<\/p>\n<h2>Spenden<\/h2>\n<p>Auch kleine Beitr\u00e4ge leisten einen wichtigen Beitrag zur Stabilisierung unserer Projektarbeit!<\/p>\n<p>&nbsp;<\/p>\n<h2>Mitmachen<\/h2>\n<p>Sie haben eine Projektidee, kennen jemanden, deren Geschichte f\u00fcr uns interessant ist oder m\u00f6chten Ihr Unternehmen pr\u00e4sentieren. Ob Ideengeber oder redaktioneller Mitarbeiter auf bestimmte Zeit, die M\u00f6glichkeiten der Mitarbeit in der Medienwerkstatt sind vielf\u00e4ltig. Z\u00f6gern Sie nicht und sprechen uns an.<\/p>\n<p>&nbsp;<\/p>\n<h2>Weitersagen<\/h2>\n<p>Machen Sie andere auf unsere Arbeit Aufmerksam. Erz\u00e4hlen Sie Interessierten von der Medienwerkstatt, verweisen Sie in Ihren Onlineauftritten und Social Media auf unsere Internetpr\u00e4senz. So k\u00f6nnen wir neue F\u00f6rderer gewinnen und auch in Zukunft unsere gemeinn\u00fctzige Arbeit fortsetzen.<\/p>\n","protected":false},"excerpt":{"rendered":"<p>Wer finanziert die Medienwerkstatt Isenhagener Land e.V.? Die Medienwerkstatt Isenhagener Land e.V. erh\u00e4lt keine \u00f6ffentliche institutionelle F\u00f6rderung und finanziert sich allein aus Mitgliedsbeitr\u00e4gen, Spenden und Projektf\u00f6rderungen sowie Einnahmen aus der Produktion von Imagefilmen. Die Finanzierung der Arbeit basiert auf zwei S\u00e4ulen: Zum einen die Projektf\u00f6rderung, die an bestimmte Projektinhalte gebunden ist, zum anderen an Spenden, [&hellip;]<\/p>\n","protected":false},"author":1,"featured_media":0,"parent":0,"menu_order":0,"comment_status":"closed","ping_status":"closed","template":"","meta":[],"_links":{"self":[{"href":"https:\/\/medienwerkstatt-il.de\/CM\/wp-json\/wp\/v2\/pages\/187"}],"collection":[{"href":"https:\/\/medienwerkstatt-il.de\/CM\/wp-json\/wp\/v2\/pages"}],"about":[{"href":"https:\/\/medienwerkstatt-il.de\/CM\/wp-json\/wp\/v2\/types\/page"}],"author":[{"embeddable":true,"href":"https:\/\/medienwerkstatt-il.de\/CM\/wp-json\/wp\/v2\/users\/1"}],"replies":[{"embeddable":true,"href":"https:\/\/medienwerkstatt-il.de\/CM\/wp-json\/wp\/v2\/comments?post=187"}],"version-history":[{"count":3,"href":"https:\/\/medienwerkstatt-il.de\/CM\/wp-json\/wp\/v2\/pages\/187\/revisions"}],"predecessor-version":[{"id":191,"href":"https:\/\/medienwerkstatt-il.de\/CM\/wp-json\/wp\/v2\/pages\/187\/revisions\/191"}],"wp:attachment":[{"href":"https:\/\/medienwerkstatt-il.de\/CM\/wp-json\/wp\/v2\/media?parent=187"}],"curies":[{"name":"wp","href":"https:\/\/api.w.org\/{rel}","templated":true}]}}