{"id":192,"date":"2018-08-29T09:42:18","date_gmt":"2018-08-29T07:42:18","guid":{"rendered":"https:\/\/medienwerkstatt-il.de\/CM\/?page_id=192"},"modified":"2018-08-29T10:19:38","modified_gmt":"2018-08-29T08:19:38","slug":"projektpartner","status":"publish","type":"page","link":"https:\/\/medienwerkstatt-il.de\/CM\/projektpartner\/","title":{"rendered":"Projektpartner"},"content":{"rendered":"<p><strong>Gef\u00f6rdert<\/strong><br \/>\nwurden wir von 2003-2007 durch das EU-Programm LEADER+ und die Bundesagentur f\u00fcr Arbeit<\/p>\n<p><a href=\"http:\/\/www.leaderplus.de\" target=\"_blank\" rel=\"noopener\"><img decoding=\"async\" loading=\"lazy\" class=\"alignnone size-full wp-image-201\" src=\"https:\/\/medienwerkstatt-il.de\/CM\/wp-content\/uploads\/2018\/08\/logo_leader_plus.png\" alt=\"\" width=\"100\" height=\"98\" srcset=\"https:\/\/medienwerkstatt-il.de\/CM\/wp-content\/uploads\/2018\/08\/logo_leader_plus.png 150w, https:\/\/medienwerkstatt-il.de\/CM\/wp-content\/uploads\/2018\/08\/logo_leader_plus-60x60.png 60w\" sizes=\"(max-width: 100px) 100vw, 100px\" \/><\/a><a href=\"https:\/\/www.arbeitsagentur.de\/\"><img decoding=\"async\" loading=\"lazy\" class=\"alignnone size-full wp-image-204\" src=\"https:\/\/medienwerkstatt-il.de\/CM\/wp-content\/uploads\/2018\/08\/logo_arbeitsagentur-e1535530501877.png\" alt=\"\" width=\"100\" height=\"100\" hspace=\"20\" \/><\/a><\/p>\n<p>&nbsp;<\/p>\n<p><strong>Unterst\u00fctzt<\/strong><br \/>\nwerden wir von der Samtgemeinde Hankensb\u00fcttel und dem Kreismedienzentrum Wittingen<\/p>\n<p>&nbsp;<\/p>\n<p><strong>Einf\u00fchrung<\/strong><br \/>\nin neue Technologien vermitteln Experten und Medienprofis, die bei Sonderprojekten mit uns zusammenarbeiten<\/p>\n<p>&nbsp;<\/p>\n<p><strong>Unsere Aktivit\u00e4ten<\/strong><br \/>\nsind gem\u00e4\u00df Satzung auf gemeinn\u00fctzige Ziele ausgerichtet. F\u00fcr Wirtschaftsunternehmen oder Privatpersonen \u00fcbernehmen wir gern Auftr\u00e4ge im Rahmen unseres Qualifizierungsprogrammes<\/p>\n","protected":false},"excerpt":{"rendered":"<p>Gef\u00f6rdert wurden wir von 2003-2007 durch das EU-Programm LEADER+ und die Bundesagentur f\u00fcr Arbeit &nbsp; Unterst\u00fctzt werden wir von der Samtgemeinde Hankensb\u00fcttel und dem Kreismedienzentrum Wittingen &nbsp; Einf\u00fchrung in neue Technologien vermitteln Experten und Medienprofis, die bei Sonderprojekten mit uns zusammenarbeiten &nbsp; Unsere Aktivit\u00e4ten sind gem\u00e4\u00df Satzung auf gemeinn\u00fctzige Ziele ausgerichtet. F\u00fcr Wirtschaftsunternehmen oder Privatpersonen [&hellip;]<\/p>\n","protected":false},"author":1,"featured_media":0,"parent":0,"menu_order":0,"comment_status":"closed","ping_status":"closed","template":"","meta":[],"_links":{"self":[{"href":"https:\/\/medienwerkstatt-il.de\/CM\/wp-json\/wp\/v2\/pages\/192"}],"collection":[{"href":"https:\/\/medienwerkstatt-il.de\/CM\/wp-json\/wp\/v2\/pages"}],"about":[{"href":"https:\/\/medienwerkstatt-il.de\/CM\/wp-json\/wp\/v2\/types\/page"}],"author":[{"embeddable":true,"href":"https:\/\/medienwerkstatt-il.de\/CM\/wp-json\/wp\/v2\/users\/1"}],"replies":[{"embeddable":true,"href":"https:\/\/medienwerkstatt-il.de\/CM\/wp-json\/wp\/v2\/comments?post=192"}],"version-history":[{"count":10,"href":"https:\/\/medienwerkstatt-il.de\/CM\/wp-json\/wp\/v2\/pages\/192\/revisions"}],"predecessor-version":[{"id":207,"href":"https:\/\/medienwerkstatt-il.de\/CM\/wp-json\/wp\/v2\/pages\/192\/revisions\/207"}],"wp:attachment":[{"href":"https:\/\/medienwerkstatt-il.de\/CM\/wp-json\/wp\/v2\/media?parent=192"}],"curies":[{"name":"wp","href":"https:\/\/api.w.org\/{rel}","templated":true}]}}