{"id":315,"date":"2018-08-29T13:11:30","date_gmt":"2018-08-29T11:11:30","guid":{"rendered":"https:\/\/medienwerkstatt-il.de\/CM\/?page_id=315"},"modified":"2018-08-29T13:24:51","modified_gmt":"2018-08-29T11:24:51","slug":"anfahrt","status":"publish","type":"page","link":"https:\/\/medienwerkstatt-il.de\/CM\/anfahrt\/","title":{"rendered":"Anfahrt"},"content":{"rendered":"<p>Die Medienwerkstatt Isenhagener Land e.V. befindet sich unter dem Dach der &#8222;Kulturscheune&#8220;. Unser Eingang befindet sich gegen\u00fcber der Karl-S\u00f6hle-Schule. Mit uns befindet sich dort auch das Archiv sowie die B\u00fccherei der Samtgemeinde Hankensb\u00fcttel.<\/p>\n<p>Unsere Adresse f\u00fcr lautet:<\/p>\n<p>Schulstr.6, 29386 Hankensb\u00fcttel<\/p>\n<div id=\"wp_osm_1\" class=\"wp_osm\" style=\"width: 100%; height: 500px\" data-lon=\"1180670\" data-lat=\"6932780\" data-zoom=\"14\">\r\n\t<div class=\"ol-popup\">\r\n\t    <a href=\"#\" class=\"ol-popup-closer\"><\/a>\r\n\t    <div class=\"popup-content\"><\/div>\r\n\t<\/div>\r\n\t<div class=\"marker\" data-icon=\"https:\/\/medienwerkstatt-il.de\/CM\/wp-content\/plugins\/wp-open-street-map\/images\/markers\/marker.png\" data-lon=\"1180700\" data-lat=\"6932920\" data-name=\"Medienwerkstatt Isenhagener Land\" data-description=\"Medienwerkstatt Isenhagener Land e.V.\"><\/div><\/div>\n","protected":false},"excerpt":{"rendered":"<p>Die Medienwerkstatt Isenhagener Land e.V. befindet sich unter dem Dach der &#8222;Kulturscheune&#8220;. Unser Eingang befindet sich gegen\u00fcber der Karl-S\u00f6hle-Schule. Mit uns befindet sich dort auch das Archiv sowie die B\u00fccherei der Samtgemeinde Hankensb\u00fcttel. Unsere Adresse f\u00fcr lautet: Schulstr.6, 29386 Hankensb\u00fcttel<\/p>\n","protected":false},"author":1,"featured_media":0,"parent":0,"menu_order":0,"comment_status":"closed","ping_status":"closed","template":"","meta":[],"_links":{"self":[{"href":"https:\/\/medienwerkstatt-il.de\/CM\/wp-json\/wp\/v2\/pages\/315"}],"collection":[{"href":"https:\/\/medienwerkstatt-il.de\/CM\/wp-json\/wp\/v2\/pages"}],"about":[{"href":"https:\/\/medienwerkstatt-il.de\/CM\/wp-json\/wp\/v2\/types\/page"}],"author":[{"embeddable":true,"href":"https:\/\/medienwerkstatt-il.de\/CM\/wp-json\/wp\/v2\/users\/1"}],"replies":[{"embeddable":true,"href":"https:\/\/medienwerkstatt-il.de\/CM\/wp-json\/wp\/v2\/comments?post=315"}],"version-history":[{"count":3,"href":"https:\/\/medienwerkstatt-il.de\/CM\/wp-json\/wp\/v2\/pages\/315\/revisions"}],"predecessor-version":[{"id":319,"href":"https:\/\/medienwerkstatt-il.de\/CM\/wp-json\/wp\/v2\/pages\/315\/revisions\/319"}],"wp:attachment":[{"href":"https:\/\/medienwerkstatt-il.de\/CM\/wp-json\/wp\/v2\/media?parent=315"}],"curies":[{"name":"wp","href":"https:\/\/api.w.org\/{rel}","templated":true}]}}