{"id":45,"date":"2018-08-28T08:49:54","date_gmt":"2018-08-28T06:49:54","guid":{"rendered":"https:\/\/medienwerkstatt-il.de\/CM\/?page_id=45"},"modified":"2023-06-26T16:47:26","modified_gmt":"2023-06-26T14:47:26","slug":"startseite","status":"publish","type":"page","link":"https:\/\/medienwerkstatt-il.de\/CM\/","title":{"rendered":"Herzlich willkommen &#8230;"},"content":{"rendered":"<p>&#8230; auf dem Internetportal der<\/p>\r\n<p>&nbsp;<\/p>\r\n<p><img decoding=\"async\" loading=\"lazy\" class=\"aligncenter wp-image-25 size-full\" src=\"https:\/\/medienwerkstatt-il.de\/CM\/wp-content\/uploads\/2018\/08\/Logo-Start.jpeg\" alt=\"\" width=\"433\" height=\"200\" srcset=\"https:\/\/medienwerkstatt-il.de\/CM\/wp-content\/uploads\/2018\/08\/Logo-Start.jpeg 433w, https:\/\/medienwerkstatt-il.de\/CM\/wp-content\/uploads\/2018\/08\/Logo-Start-300x139.jpeg 300w\" sizes=\"(max-width: 433px) 100vw, 433px\" \/><\/p>\r\n<p>&nbsp;<\/p>\r\n<p>Wir freuen uns \u00fcber die Landung auf unseren Websiten. Hier gibt es die M\u00f6glichkeit, einiges \u00fcber den gemeinn\u00fctzigen Verein und \u00fcber die Projekte zu erfahren. Viel Spa\u00df &#8212; \u00fcbrigens: Fragen und Anregungen interessieren uns!<\/p>\r\n<p>Das Team der Medienwerkstatt Isenhagener Land e.V.<\/p>\r\n\r\n<h3>\u00a0<\/h3>\r\n<p><img decoding=\"async\" loading=\"lazy\" class=\"aligncenter size-medium wp-image-411\" src=\"https:\/\/medienwerkstatt-il.de\/CM\/wp-content\/uploads\/2019\/10\/Grafik_Projekt.Ankommen_HP-100dpi-750x361.png\" alt=\"\" width=\"750\" height=\"361\" srcset=\"https:\/\/medienwerkstatt-il.de\/CM\/wp-content\/uploads\/2019\/10\/Grafik_Projekt.Ankommen_HP-100dpi.png 750w, https:\/\/medienwerkstatt-il.de\/CM\/wp-content\/uploads\/2019\/10\/Grafik_Projekt.Ankommen_HP-100dpi-300x144.png 300w\" sizes=\"(max-width: 750px) 100vw, 750px\" \/><\/p>\r\n<h2>Ausstellung &#8222;Ankommen&#8220;<\/h2>\r\n<p><strong>Portr\u00e4ts von Fl\u00fcchtlingen aus unterschiedlichen Perioden im Isenhagener Land, eine Fotoausstellung mit audiovisuellen Elementen<\/strong><\/p>\r\n<p><strong>Vom 23. August bis 14. Dezember 2023 pr\u00e4sentiert die Medienwerkstatt Isenhagener Land in der Mensa des Gymnasiums Hankensb\u00fcttel ihre multimediale Ausstellung &#8222;Ankommen&#8220;. <br \/>Die Ausstellung zeigt 22 Menschen, die eines gemeinsam haben. Sie sind alle als Fl\u00fcchtlinge in unsere Region gekommen. Am Mittwoch, 23. August 2023 findet um 18:00 Uhr die Er\u00f6ffnung statt.<\/strong><\/p>\r\n<p><a href=\"https:\/\/medienwerkstatt-il.de\/CM\/ankommen\/\"><strong>Weitere Informationen zur Ausstellung<\/strong><\/a><\/p>\r\n<p>&nbsp;<\/p>\r\n<p>&nbsp;<\/p>","protected":false},"excerpt":{"rendered":"<p>&#8230; auf dem Internetportal der &nbsp; &nbsp; Wir freuen uns \u00fcber die Landung auf unseren Websiten. Hier gibt es die M\u00f6glichkeit, einiges \u00fcber den gemeinn\u00fctzigen Verein und \u00fcber die Projekte zu erfahren. Viel Spa\u00df &#8212; \u00fcbrigens: Fragen und Anregungen interessieren uns! Das Team der Medienwerkstatt Isenhagener Land e.V. \u00a0 Ausstellung &#8222;Ankommen&#8220; Portr\u00e4ts von Fl\u00fcchtlingen aus [&hellip;]<\/p>\n","protected":false},"author":1,"featured_media":0,"parent":0,"menu_order":0,"comment_status":"closed","ping_status":"closed","template":"","meta":[],"_links":{"self":[{"href":"https:\/\/medienwerkstatt-il.de\/CM\/wp-json\/wp\/v2\/pages\/45"}],"collection":[{"href":"https:\/\/medienwerkstatt-il.de\/CM\/wp-json\/wp\/v2\/pages"}],"about":[{"href":"https:\/\/medienwerkstatt-il.de\/CM\/wp-json\/wp\/v2\/types\/page"}],"author":[{"embeddable":true,"href":"https:\/\/medienwerkstatt-il.de\/CM\/wp-json\/wp\/v2\/users\/1"}],"replies":[{"embeddable":true,"href":"https:\/\/medienwerkstatt-il.de\/CM\/wp-json\/wp\/v2\/comments?post=45"}],"version-history":[{"count":36,"href":"https:\/\/medienwerkstatt-il.de\/CM\/wp-json\/wp\/v2\/pages\/45\/revisions"}],"predecessor-version":[{"id":571,"href":"https:\/\/medienwerkstatt-il.de\/CM\/wp-json\/wp\/v2\/pages\/45\/revisions\/571"}],"wp:attachment":[{"href":"https:\/\/medienwerkstatt-il.de\/CM\/wp-json\/wp\/v2\/media?parent=45"}],"curies":[{"name":"wp","href":"https:\/\/api.w.org\/{rel}","templated":true}]}}