{"id":498,"date":"2021-01-28T08:33:07","date_gmt":"2021-01-28T07:33:07","guid":{"rendered":"https:\/\/medienwerkstatt-il.de\/CM\/?page_id=498"},"modified":"2021-01-28T08:39:03","modified_gmt":"2021-01-28T07:39:03","slug":"spenden","status":"publish","type":"page","link":"https:\/\/medienwerkstatt-il.de\/CM\/spenden\/","title":{"rendered":"Spenden"},"content":{"rendered":"<p>M\u00f6chten Sie die gemeinn\u00fctzige Arbeit der Medienwerkstatt unterst\u00fctzen? Wir freuen uns \u00fcber Ihre Spende. Bitte \u00fcberweisen Sie den Betrag auf unser Konto bei der Volksbank eG S\u00fcdheide &#8211; Isenhagener Land &#8211; Altmark.<\/p>\n<p><strong>IBAN: DE52 2579 1635 0113 6968 00<\/strong><\/p>\n<p><strong>BIC: GENODEF1HMN<\/strong><\/p>\n<h3>Spendenbescheinigung<\/h3>\n<p>Um Ihnen eine Spendenbescheinigung zukommen zu lassen, ben\u00f6tigen wir Ihre vollst\u00e4ndige Adresse. Bitte geben Sie diese bei der \u00dcberweisung im Verwendungszweck an oder schreiben Sie uns eine Email an: <a href=\"mailto:kontakt@medienwerkstatt-il.de\">kontakt@medienwerkstatt-il.de<\/a><\/p>\n<h3>F\u00f6rdermitgliedschaft<\/h3>\n<p>Oder m\u00f6chte Sie uns regelm\u00e4\u00dfig unterst\u00fctzen? Dann werden Sie F\u00f6rdermitglied. Weitere Informationen zur F\u00f6rdermitgliedschaft haben wir <a href=\"https:\/\/medienwerkstatt-il.de\/CM\/medienwerkstatt-stellt-sich-fuer-die-zukunft-auf\/\">hier f\u00fcr Sie zusammen gestellt<\/a>. Interessierte k\u00f6nnen sich den Antrag herunterladen: <a href=\"https:\/\/medienwerkstatt-il.de\/CM\/wp-content\/uploads\/2018\/08\/MW_Antrag_Foerdermitgliedschaft_2018.pdf\" target=\"_blank\" rel=\"noopener\">Antrag F\u00f6rdermitgliedschaft<\/a><\/p>\n","protected":false},"excerpt":{"rendered":"<p>M\u00f6chten Sie die gemeinn\u00fctzige Arbeit der Medienwerkstatt unterst\u00fctzen? Wir freuen uns \u00fcber Ihre Spende. Bitte \u00fcberweisen Sie den Betrag auf unser Konto bei der Volksbank eG S\u00fcdheide &#8211; Isenhagener Land &#8211; Altmark. IBAN: DE52 2579 1635 0113 6968 00 BIC: GENODEF1HMN Spendenbescheinigung Um Ihnen eine Spendenbescheinigung zukommen zu lassen, ben\u00f6tigen wir Ihre vollst\u00e4ndige Adresse. Bitte [&hellip;]<\/p>\n","protected":false},"author":1,"featured_media":0,"parent":0,"menu_order":0,"comment_status":"closed","ping_status":"closed","template":"","meta":[],"_links":{"self":[{"href":"https:\/\/medienwerkstatt-il.de\/CM\/wp-json\/wp\/v2\/pages\/498"}],"collection":[{"href":"https:\/\/medienwerkstatt-il.de\/CM\/wp-json\/wp\/v2\/pages"}],"about":[{"href":"https:\/\/medienwerkstatt-il.de\/CM\/wp-json\/wp\/v2\/types\/page"}],"author":[{"embeddable":true,"href":"https:\/\/medienwerkstatt-il.de\/CM\/wp-json\/wp\/v2\/users\/1"}],"replies":[{"embeddable":true,"href":"https:\/\/medienwerkstatt-il.de\/CM\/wp-json\/wp\/v2\/comments?post=498"}],"version-history":[{"count":3,"href":"https:\/\/medienwerkstatt-il.de\/CM\/wp-json\/wp\/v2\/pages\/498\/revisions"}],"predecessor-version":[{"id":502,"href":"https:\/\/medienwerkstatt-il.de\/CM\/wp-json\/wp\/v2\/pages\/498\/revisions\/502"}],"wp:attachment":[{"href":"https:\/\/medienwerkstatt-il.de\/CM\/wp-json\/wp\/v2\/media?parent=498"}],"curies":[{"name":"wp","href":"https:\/\/api.w.org\/{rel}","templated":true}]}}